{"id":80,"date":"2020-03-10T15:25:06","date_gmt":"2020-03-10T15:25:06","guid":{"rendered":"https:\/\/caes-clas21.u-bourgogne.fr\/?page_id=80"},"modified":"2022-12-09T14:19:31","modified_gmt":"2022-12-09T14:19:31","slug":"modalites-demprunt","status":"publish","type":"page","link":"https:\/\/caes-clas21.u-bourgogne.fr\/index.php\/activites-sportives\/le-ski\/modalites-demprunt\/","title":{"rendered":"Modalit\u00e9s d&#8217;emprunt"},"content":{"rendered":"<p class=\"conditions\">Le pr\u00eat du mat\u00e9riel de ski est r\u00e9serv\u00e9 :<\/p>\n<ul>\n<li class=\"caution\">Aux agents du CNRS, leur conjoint et enfants \u00e0 charge.\n<ul>\n<li class=\"conditions\">Ils devront dans un premier temps mettre \u00e0 jour leur compte CAES sur le site : <a href=\"https:\/\/moncompte.caes.cnrs.fr\" target=\"_blank\" rel=\"noopener noreferrer\">Mon compte CAES<\/a><\/li>\n<li class=\"conditions\">Ils pourront alors r\u00e9server le mat\u00e9riel de ski qu&rsquo;ils souhaitent<\/li>\n<li class=\"conditions\">Le tarif <strong>d\u00e9gressif famille CAES(TD)<\/strong> sera alors appliqu\u00e9 sur la facture.<\/li>\n<\/ul>\n<\/li>\n<\/ul>\n<ul>\n<li class=\"caution\">Aux personnels de l\u2019Universit\u00e9 membres de l\u2019APUB\u00a0 et AMICALE DES PERSONNELS (Convention APUB-CAES et AMICALE-CAES)\n<ul>\n<li class=\"conditions\">Ils devront pr\u00e9senter leur carte APUB. Suivant la carte ils ne pourront prendre du mat\u00e9riel que pour les personnes inscrites sur la carte (familiale ou individuelle).<\/li>\n<li class=\"conditions\">Ils devront \u00eatre possesseur de la carte de membre conventionn\u00e9 du CAES (familiale -15 \u20ac- ou individuelle -8 \u20ac-).<\/li>\n<li class=\"conditions\">Un coefficient de 1 sera appliqu\u00e9 sur le montant qu\u2019ils auront \u00e0 acquitter.<\/li>\n<\/ul>\n<\/li>\n<\/ul>\n<ul>\n<li class=\"caution\">&#8211; Aux personnels de l\u2019ADAS-INRA et de l\u2019INSERM (Convention nationale tripartite).\n<ul>\n<li class=\"conditions\">Ils devront justifier de leur appartenance \u00e0 l\u2019un de ces organismes.<\/li>\n<li class=\"conditions\">Ils devront \u00eatre possesseur de la carte de membre conventionn\u00e9 du CAES (familiale -15 \u20ac- ou individuelle -8 \u20ac-)<\/li>\n<li class=\"conditions\"><\/li>\n<\/ul>\n<\/li>\n<\/ul>\n<ul>\n<li class=\"caution\">&#8211; Aux autres personnels de l\u2019Universit\u00e9 et \u00e9tudiants;\n<ul>\n<li class=\"conditions\">Ceux-ci devront justifier de leur appartenance \u00e0 l\u2019organisme;<\/li>\n<li class=\"conditions\">Ils devront \u00eatre possesseur de la carte de membre ext\u00e9rieur du CAES individuelle uniquement -15 \u20ac- (\u00e9tudiants 3 \u20ac);<\/li>\n<li class=\"conditions\">Un coefficient de 1,5 sera appliqu\u00e9 sur le montant qu\u2019ils auront \u00e0 acquitter.<\/li>\n<\/ul>\n<\/li>\n<\/ul>\n","protected":false},"excerpt":{"rendered":"<p>Le pr\u00eat du mat\u00e9riel de ski est r\u00e9serv\u00e9 : Aux agents du CNRS, leur conjoint et enfants \u00e0 charge. Ils devront dans un premier temps mettre \u00e0 jour leur compte CAES sur le site : Mon compte CAES Ils pourront<\/p>\n","protected":false},"author":1,"featured_media":0,"parent":78,"menu_order":0,"comment_status":"closed","ping_status":"closed","template":"","meta":{"_mc_calendar":[],"footnotes":""},"class_list":["post-80","page","type-page","status-publish","hentry"],"_links":{"self":[{"href":"https:\/\/caes-clas21.u-bourgogne.fr\/index.php\/wp-json\/wp\/v2\/pages\/80","targetHints":{"allow":["GET"]}}],"collection":[{"href":"https:\/\/caes-clas21.u-bourgogne.fr\/index.php\/wp-json\/wp\/v2\/pages"}],"about":[{"href":"https:\/\/caes-clas21.u-bourgogne.fr\/index.php\/wp-json\/wp\/v2\/types\/page"}],"author":[{"embeddable":true,"href":"https:\/\/caes-clas21.u-bourgogne.fr\/index.php\/wp-json\/wp\/v2\/users\/1"}],"replies":[{"embeddable":true,"href":"https:\/\/caes-clas21.u-bourgogne.fr\/index.php\/wp-json\/wp\/v2\/comments?post=80"}],"version-history":[{"count":2,"href":"https:\/\/caes-clas21.u-bourgogne.fr\/index.php\/wp-json\/wp\/v2\/pages\/80\/revisions"}],"predecessor-version":[{"id":199,"href":"https:\/\/caes-clas21.u-bourgogne.fr\/index.php\/wp-json\/wp\/v2\/pages\/80\/revisions\/199"}],"up":[{"embeddable":true,"href":"https:\/\/caes-clas21.u-bourgogne.fr\/index.php\/wp-json\/wp\/v2\/pages\/78"}],"wp:attachment":[{"href":"https:\/\/caes-clas21.u-bourgogne.fr\/index.php\/wp-json\/wp\/v2\/media?parent=80"}],"curies":[{"name":"wp","href":"https:\/\/api.w.org\/{rel}","templated":true}]}}