{"id":78,"date":"2020-03-10T15:23:07","date_gmt":"2020-03-10T15:23:07","guid":{"rendered":"https:\/\/caes-clas21.u-bourgogne.fr\/?page_id=78"},"modified":"2020-03-10T15:31:10","modified_gmt":"2020-03-10T15:31:10","slug":"le-ski","status":"publish","type":"page","link":"https:\/\/caes-clas21.u-bourgogne.fr\/index.php\/activites-sportives\/le-ski\/","title":{"rendered":"Le ski"},"content":{"rendered":"<p>Sont mis \u00e0 disposition : skis adultes et enfants, fond et piste, snowboards, miniskis, chaussures et boots, raquettes, luges, casques, \u2026<\/p>\n<div class=\"col\">\n<div id=\"multiCollapseExample1\" class=\"multi-collapse collapse show\">\n<div class=\"card card-body\">\n<p class=\"conditions\"><img loading=\"lazy\" decoding=\"async\" class=\"alignnone size-full wp-image-35\" src=\"https:\/\/caes-clas21.u-bourgogne.fr\/wp-content\/uploads\/2020\/03\/diane_ski.jpg\" alt=\"\" width=\"250\" height=\"167\" \/>La mise \u00e0 disposition du mat\u00e9riel est r\u00e9serv\u00e9e en priorit\u00e9 au personnel du CNRS, puis aux adh\u00e9rents de l&rsquo;APUB, de l&rsquo;ADAS-INRA et de l&rsquo;INSERM. Toute autre personne universitaire et exceptionnellement les \u00e9tudiants peuvent dans la limite du stock de mat\u00e9riel obtenir la mise \u00e0 disposition du mat\u00e9riel<\/p>\n<p class=\"conditions\">Il est rappel\u00e9 que le mat\u00e9riel mis \u00e0 votre disposition n&rsquo;est assur\u00e9 ni contre le vol, ni contre la casse lorsqu&rsquo;il se trouve en votre possession. C&rsquo;est votre assurance responsabilit\u00e9 civile qu&rsquo;il faudra faire intervenir en cas de probl\u00e8me.<\/p>\n<p class=\"caution\"><strong>Une caution de 100 euros par paire de skis sera exig\u00e9e et rembours\u00e9e qu&rsquo;apr\u00e8s v\u00e9rification du bon \u00e9tat du mat\u00e9riel.<\/strong><\/p>\n<p>&nbsp;<\/p>\n<\/div>\n<\/div>\n<\/div>\n","protected":false},"excerpt":{"rendered":"<p>Sont mis \u00e0 disposition : skis adultes et enfants, fond et piste, snowboards, miniskis, chaussures et boots, raquettes, luges, casques, \u2026 La mise \u00e0 disposition du mat\u00e9riel est r\u00e9serv\u00e9e en priorit\u00e9 au personnel du CNRS, puis aux adh\u00e9rents de l&rsquo;APUB,<\/p>\n","protected":false},"author":1,"featured_media":0,"parent":57,"menu_order":2,"comment_status":"closed","ping_status":"closed","template":"","meta":{"_mc_calendar":[],"footnotes":""},"class_list":["post-78","page","type-page","status-publish","hentry"],"_links":{"self":[{"href":"https:\/\/caes-clas21.u-bourgogne.fr\/index.php\/wp-json\/wp\/v2\/pages\/78","targetHints":{"allow":["GET"]}}],"collection":[{"href":"https:\/\/caes-clas21.u-bourgogne.fr\/index.php\/wp-json\/wp\/v2\/pages"}],"about":[{"href":"https:\/\/caes-clas21.u-bourgogne.fr\/index.php\/wp-json\/wp\/v2\/types\/page"}],"author":[{"embeddable":true,"href":"https:\/\/caes-clas21.u-bourgogne.fr\/index.php\/wp-json\/wp\/v2\/users\/1"}],"replies":[{"embeddable":true,"href":"https:\/\/caes-clas21.u-bourgogne.fr\/index.php\/wp-json\/wp\/v2\/comments?post=78"}],"version-history":[{"count":1,"href":"https:\/\/caes-clas21.u-bourgogne.fr\/index.php\/wp-json\/wp\/v2\/pages\/78\/revisions"}],"predecessor-version":[{"id":79,"href":"https:\/\/caes-clas21.u-bourgogne.fr\/index.php\/wp-json\/wp\/v2\/pages\/78\/revisions\/79"}],"up":[{"embeddable":true,"href":"https:\/\/caes-clas21.u-bourgogne.fr\/index.php\/wp-json\/wp\/v2\/pages\/57"}],"wp:attachment":[{"href":"https:\/\/caes-clas21.u-bourgogne.fr\/index.php\/wp-json\/wp\/v2\/media?parent=78"}],"curies":[{"name":"wp","href":"https:\/\/api.w.org\/{rel}","templated":true}]}}