{"id":25,"date":"2020-03-10T13:37:35","date_gmt":"2020-03-10T13:37:35","guid":{"rendered":"https:\/\/caes-clas21.u-bourgogne.fr\/?page_id=25"},"modified":"2022-06-10T11:57:43","modified_gmt":"2022-06-10T11:57:43","slug":"le-bureau","status":"publish","type":"page","link":"https:\/\/caes-clas21.u-bourgogne.fr\/","title":{"rendered":"Le bureau"},"content":{"rendered":"<h2>BIENVENUE sur le site du CLAS du CNRS de Dijon<\/h2>\n<p>Le CAES, Comit\u00e9 d\u2019Action et d\u2019Entraide Sociales, est une association r\u00e9gie par la loi de 1901. Il joue le r\u00f4le de comit\u00e9 d\u2019entreprise aupr\u00e8s des agents du CNRS et de ses instituts. Ainsi, tous les personnels du CNRS, de l\u2019IN2P3 et de l\u2019INSU en sont membres de droit, de m\u00eame que les retrait\u00e9s. Les conjoints et enfants des membres en sont ayants droit. les sections locales ou CLAS, <strong>plus proches des agents, constituent les bases du CAES<\/strong>.<\/p>\n<h1><strong>Les \u00e9lus du bureau du CLAS <\/strong><\/h1>\n<div><strong>Pr\u00e9sidente<\/strong> : Nathalie Dufour<\/div>\n<div><strong>Vice-Pr\u00e9sidente<\/strong> : C\u00e9line Dirand<\/div>\n<div><strong>Tr\u00e9sori\u00e8re<\/strong> : <span id=\"DWT3555\" class=\"ZmSearchResult\"><span id=\"DWT3560\" class=\"ZmSearchResult\">Raluca<\/span><\/span> Malacea Kabbara<\/div>\n<div><strong>Vice tr\u00e9sori\u00e8re<\/strong> : Corinne Martin<\/div>\n<div><strong>Secr\u00e9taire<\/strong> : Quentin Bonnin<\/div>\n<div><\/div>\n<div>\n<div><strong>Les autres membres du bureau<\/strong> :\u00a0M. LEGER Francis, M. POINSOT Didier, M. SERRANO C\u00e9dric<\/div>\n<div>\n<div>M. LOMPRE Pierre, M. MARIN Fr\u00e9d\u00e9ric, Mme. NEDELEC Emmanuelle, M. PLASSERAUD Laurent<\/div>\n<\/div>\n<\/div>\n<h2>Secr\u00e9tariat du CLAS<\/h2>\n<h3><strong>Secr\u00e9taire\u00a0<\/strong> : <strong>Mme\u00a0Carole Drioton<\/strong><\/h3>\n<p><strong>Permanence<\/strong> : <span id=\"OBJ_PREFIX_DWT264_com_zimbra_date\" class=\"Object\" role=\"link\"><span id=\"OBJ_PREFIX_DWT270_com_zimbra_date\" class=\"Object\" role=\"link\">lundi<\/span><\/span>, <span id=\"OBJ_PREFIX_DWT265_com_zimbra_date\" class=\"Object\" role=\"link\"><span id=\"OBJ_PREFIX_DWT271_com_zimbra_date\" class=\"Object\" role=\"link\">mercredi<\/span><\/span>, <span id=\"OBJ_PREFIX_DWT266_com_zimbra_date\" class=\"Object\" role=\"link\"><span id=\"OBJ_PREFIX_DWT272_com_zimbra_date\" class=\"Object\" role=\"link\">vendredi<\/span><\/span>, de 9h30 \u00e0 13h30<br \/>\n<strong>Lieu<\/strong> : Sous-sol du B\u00e2timent Mirande, derri\u00e8re l\u2019Amphi. Gevrey<\/p>\n<h2><strong>Nous contacter<\/strong> :<\/h2>\n<ul>\n<li>Par t\u00e9l\u00e9phone\u00a0: 03 80 39 58 09.<\/li>\n<li>Par courriel\u00a0: caes@u-bourgogne.fr<\/li>\n<\/ul>\n<p><strong>Adresse postale<\/strong>\u00a0: CAES-CNRS Facult\u00e9 des Sciences &#8211; B\u00e2timent Mirande &#8211; BP 47870 21078 DIJON Cedex<\/p>\n<p>&nbsp;<\/p>\n","protected":false},"excerpt":{"rendered":"<p>BIENVENUE sur le site du CLAS du CNRS de Dijon Le CAES, Comit\u00e9 d\u2019Action et d\u2019Entraide Sociales, est une association r\u00e9gie par la loi de 1901. Il joue le r\u00f4le de comit\u00e9 d\u2019entreprise aupr\u00e8s des agents du CNRS et de<\/p>\n","protected":false},"author":1,"featured_media":0,"parent":0,"menu_order":4,"comment_status":"closed","ping_status":"closed","template":"","meta":{"_mc_calendar":[],"footnotes":""},"class_list":["post-25","page","type-page","status-publish","hentry"],"_links":{"self":[{"href":"https:\/\/caes-clas21.u-bourgogne.fr\/index.php\/wp-json\/wp\/v2\/pages\/25","targetHints":{"allow":["GET"]}}],"collection":[{"href":"https:\/\/caes-clas21.u-bourgogne.fr\/index.php\/wp-json\/wp\/v2\/pages"}],"about":[{"href":"https:\/\/caes-clas21.u-bourgogne.fr\/index.php\/wp-json\/wp\/v2\/types\/page"}],"author":[{"embeddable":true,"href":"https:\/\/caes-clas21.u-bourgogne.fr\/index.php\/wp-json\/wp\/v2\/users\/1"}],"replies":[{"embeddable":true,"href":"https:\/\/caes-clas21.u-bourgogne.fr\/index.php\/wp-json\/wp\/v2\/comments?post=25"}],"version-history":[{"count":14,"href":"https:\/\/caes-clas21.u-bourgogne.fr\/index.php\/wp-json\/wp\/v2\/pages\/25\/revisions"}],"predecessor-version":[{"id":180,"href":"https:\/\/caes-clas21.u-bourgogne.fr\/index.php\/wp-json\/wp\/v2\/pages\/25\/revisions\/180"}],"wp:attachment":[{"href":"https:\/\/caes-clas21.u-bourgogne.fr\/index.php\/wp-json\/wp\/v2\/media?parent=25"}],"curies":[{"name":"wp","href":"https:\/\/api.w.org\/{rel}","templated":true}]}}